{"id":100876,"date":"2023-05-09T14:20:50","date_gmt":"2023-05-09T14:20:50","guid":{"rendered":"https:\/\/www.giovanelli.com\/?page_id=100876"},"modified":"2023-05-31T11:12:24","modified_gmt":"2023-05-31T11:12:24","slug":"warping-machines","status":"publish","type":"page","link":"https:\/\/www.giovanelli.com\/en\/warping-machines\/","title":{"rendered":"WARPING MACHINE"},"content":{"rendered":"<p>[et_pb_section fb_built=&#8221;1&#8243; admin_label=&#8221;section&#8221; _builder_version=&#8221;4.16&#8243; custom_padding=&#8221;0px|||||&#8221; global_colors_info=&#8221;{}&#8221;][et_pb_row admin_label=&#8221;row&#8221; _builder_version=&#8221;4.16&#8243; background_size=&#8221;initial&#8221; background_position=&#8221;top_left&#8221; background_repeat=&#8221;repeat&#8221; custom_padding=&#8221;0px|||||&#8221; global_colors_info=&#8221;{}&#8221;][et_pb_column type=&#8221;4_4&#8243; _builder_version=&#8221;4.16&#8243; custom_padding=&#8221;|||&#8221; global_colors_info=&#8221;{}&#8221; custom_padding__hover=&#8221;|||&#8221;][et_pb_text admin_label=&#8221;Text&#8221; _builder_version=&#8221;4.20.4&#8243; background_size=&#8221;initial&#8221; background_position=&#8221;top_left&#8221; background_repeat=&#8221;repeat&#8221; global_colors_info=&#8221;{}&#8221;]<\/p>\n<h1 class=\"p1\"><b>Alexander &amp; Giovanelli Group: Italy&#8217;s leading manufacturer of warping machines for the textile industry<\/b><\/h1>\n<p>Alexander &amp; Giovanelli Group, a Legnano-based manufacturer of <span><b>warping machine and winder for selvedges and ropes <\/b><\/span>stands out in the textile industry for its excellence in the production of machinery and equipment for weaving preparation and logistics organization.<\/p>\n<p>By relying on Alexander &amp; Giovanelli Group, you can count on years of experience and a wide range of <b>customizable solutions<\/b> to meet the specific needs of your business. Technical expertise and innovation combine to guide you in choosing <b>the most suitable warpers<\/b> for your needs, ensuring efficiency and reliability.<\/p>\n<p><span class=\"Apple-converted-space\">\u00a0<\/span><\/p>\n<div class=\"grid-plus-container grid-69fb3fa66d99d attachment \"\n     id=\"69fb3fa66d99d\"\n     data-grid-name=\"orditoi diretti\"\n     data-animation=\"fadeInUp\">\n    <div class=\"grid-stack-container grid-plus-inner\"\n         data-ajax-url=\"https:\/\/www.giovanelli.com\/wp-admin\/admin-ajax.php\"\n         data-grid-id=\"6468c15a6384a\"\n         data-current-category=\"\"\n         data-section-id=\"69fb3fa66d99d\"\n         data-gutter=\"10\"\n         data-columns=\"3\"\n         data-height-ratio=\"1\"\n         data-width-ratio=\"1\"\n         data-desktop-columns=\"3\"\n         data-tablet-columns=\"2\"\n         data-mobile-columns=\"1\"\n         data-layout-type=\"grid\"\n         data-source-type=\"posts\"\n         data-fix-item-height=\"true\"\n         data-nonce=\"0efbccdbb4\"\n    >\n                <div class=\"grid-stack grid-stack-3\" data-layout=\"grid\"\n             style=\"height: 810px\">\n        <\/div>\n        <div class=\"grid-items\">\n                                <div class=\"item\" data-gs-x=\"0\"\n                         data-gs-y=\"0\"\n                         data-gs-width=\"1\"\n                         data-gs-height=\"41\"\n                         data-skin=\"thumbnail-icon-gallery\"\n\n                         data-desktop-gs-x=\"0\"\n                         data-desktop-gs-y=\"0\"\n                         data-desktop-gs-width=\"1\"\n                         data-desktop-gs-height=\"41\"\n                         data-desktop-skin=\"thumbnail-icon-gallery\"\n\n                         data-image-width=\"2560\"\n                         data-image-height=\"1920\"\n                         data-item-width-ratio=\"1\"\n                         data-item-height-ratio=\"1\"\n                    >\n                        <div class=\"grid-post-item thumbnail thumbnail-icon\" data-thumbnail-only=\"1\">\n    <div class=\"thumbnail-image\" data-img=\"https:\/\/www.giovanelli.com\/wp-content\/uploads\/2023\/05\/orditoi-diretti1-scaled-600x480.jpg\">\n                    <img decoding=\"async\" src=\"https:\/\/www.giovanelli.com\/wp-content\/uploads\/2023\/05\/orditoi-diretti1-scaled-600x480.jpg\" alt=\"orditoi diretti1\" >\n                <div class=\"hover-outer transition-30\">\n                        <div class=\"hover-inner transition-50\">\n                <div class=\"icon-groups\">\n                    <a href=\"javascript:;\" class=\"view-gallery\" data-post-id=\"100786\" data-src=\"https:\/\/www.giovanelli.com\/wp-content\/uploads\/2023\/05\/orditoi-diretti1-scaled.jpg\"\n                       data-ajax-url=\"https:\/\/www.giovanelli.com\/wp-admin\/admin-ajax.php\"><i class=\"fa fa-search\"><\/i><\/a>\n                <\/div>\n            <\/div>\n        <\/div>\n    <\/div>\n<\/div>\n                    <\/div>\n                                        <div class=\"item\" data-gs-x=\"1\"\n                         data-gs-y=\"0\"\n                         data-gs-width=\"1\"\n                         data-gs-height=\"41\"\n                         data-skin=\"thumbnail-icon-gallery\"\n\n                         data-desktop-gs-x=\"1\"\n                         data-desktop-gs-y=\"0\"\n                         data-desktop-gs-width=\"1\"\n                         data-desktop-gs-height=\"41\"\n                         data-desktop-skin=\"thumbnail-icon-gallery\"\n\n                         data-image-width=\"1920\"\n                         data-image-height=\"2560\"\n                         data-item-width-ratio=\"1\"\n                         data-item-height-ratio=\"1\"\n                    >\n                        <div class=\"grid-post-item thumbnail thumbnail-icon\" data-thumbnail-only=\"1\">\n    <div class=\"thumbnail-image\" data-img=\"https:\/\/www.giovanelli.com\/wp-content\/uploads\/2023\/05\/orditoi-diretti2-scaled-600x853.jpg\">\n                    <img decoding=\"async\" src=\"https:\/\/www.giovanelli.com\/wp-content\/uploads\/2023\/05\/orditoi-diretti2-scaled-600x853.jpg\" alt=\"orditoi diretti2\" >\n                <div class=\"hover-outer transition-30\">\n                        <div class=\"hover-inner transition-50\">\n                <div class=\"icon-groups\">\n                    <a href=\"javascript:;\" class=\"view-gallery\" data-post-id=\"100787\" data-src=\"https:\/\/www.giovanelli.com\/wp-content\/uploads\/2023\/05\/orditoi-diretti2-scaled.jpg\"\n                       data-ajax-url=\"https:\/\/www.giovanelli.com\/wp-admin\/admin-ajax.php\"><i class=\"fa fa-search\"><\/i><\/a>\n                <\/div>\n            <\/div>\n        <\/div>\n    <\/div>\n<\/div>\n                    <\/div>\n                                        <div class=\"item\" data-gs-x=\"2\"\n                         data-gs-y=\"0\"\n                         data-gs-width=\"1\"\n                         data-gs-height=\"41\"\n                         data-skin=\"thumbnail-icon-gallery\"\n\n                         data-desktop-gs-x=\"2\"\n                         data-desktop-gs-y=\"0\"\n                         data-desktop-gs-width=\"1\"\n                         data-desktop-gs-height=\"41\"\n                         data-desktop-skin=\"thumbnail-icon-gallery\"\n\n                         data-image-width=\"1920\"\n                         data-image-height=\"2560\"\n                         data-item-width-ratio=\"1\"\n                         data-item-height-ratio=\"1\"\n                    >\n                        <div class=\"grid-post-item thumbnail thumbnail-icon\" data-thumbnail-only=\"1\">\n    <div class=\"thumbnail-image\" data-img=\"https:\/\/www.giovanelli.com\/wp-content\/uploads\/2023\/05\/orditoi-diretti3-scaled-600x853.jpg\">\n                    <img decoding=\"async\" src=\"https:\/\/www.giovanelli.com\/wp-content\/uploads\/2023\/05\/orditoi-diretti3-scaled-600x853.jpg\" alt=\"orditoi diretti3\" >\n                <div class=\"hover-outer transition-30\">\n                        <div class=\"hover-inner transition-50\">\n                <div class=\"icon-groups\">\n                    <a href=\"javascript:;\" class=\"view-gallery\" data-post-id=\"100788\" data-src=\"https:\/\/www.giovanelli.com\/wp-content\/uploads\/2023\/05\/orditoi-diretti3-scaled.jpg\"\n                       data-ajax-url=\"https:\/\/www.giovanelli.com\/wp-admin\/admin-ajax.php\"><i class=\"fa fa-search\"><\/i><\/a>\n                <\/div>\n            <\/div>\n        <\/div>\n    <\/div>\n<\/div>\n                    <\/div>\n                            <\/div>\n\n        <div class=\"grid-paging-navigation-wrap text-center grid-gutter-10\">\n    <div class=\"grid-paging-navigation clearfix\" data-section-id=\"69fb3fa66d99d\">\n        <span aria-label=\"Page 1\" aria-current=\"page\" class=\"page-numbers current\"><span >1<\/span><\/span>\n<a aria-label=\"Page 2\" class=\"page-numbers\" href=\"https:\/\/www.giovanelli.com\/en\/wp-json\/wp\/v2\/pages\/100876\/page\/2\/\"><span >2<\/span><\/a>\n<a class=\"next page-numbers\" href=\"https:\/\/www.giovanelli.com\/en\/wp-json\/wp\/v2\/pages\/100876\/page\/2\/\"><span ><i class=\"fa fa-angle-right\"><\/i><\/span><\/a>    <\/div>\n<\/div>\n    <\/div>\n<\/div>\n<h2><b>Sectional warping machine, direct warping machine and winder for selvedges and ropes<\/b><span><b>: Alexander &amp; Giovanelli Group\u2019s proposals<\/b><\/span><\/h2>\n<p><span>Explore the selection of <\/span><b>sectional warping machine, direct warping machine and winder for selvedges and ropes<\/b><span> by Alexander &amp; Giovanelli Group.<\/span><\/p>\n<p>[\/et_pb_text][et_pb_toggle title=&#8221;Sectional warper: &#8221; open_toggle_text_color=&#8221;#0C71C3&#8243; _builder_version=&#8221;4.20.4&#8243; _module_preset=&#8221;default&#8221; title_text_color=&#8221;#0C71C3&#8243; title_level=&#8221;h3&#8243; title_font=&#8221;|700||on|||||&#8221; custom_margin=&#8221;||4px|||&#8221; link_option_url=&#8221;https:\/\/www.giovanelli.com\/en\/warping-machine\/sectional-warping-machines\/&#8221; locked=&#8221;off&#8221; global_colors_info=&#8221;{}&#8221;]<\/p>\n<p>Discover Alexander &amp; Giovanelli Group&#8217;s range of sectional <span>warping machine<\/span><\/p>\n<p>[\/et_pb_toggle][et_pb_toggle title=&#8221;Direct warper&#8221; open_toggle_text_color=&#8221;#0C71C3&#8243; _builder_version=&#8221;4.20.4&#8243; _module_preset=&#8221;default&#8221; title_text_color=&#8221;#0C71C3&#8243; title_level=&#8221;h3&#8243; title_font=&#8221;|700||on|||||&#8221; custom_margin=&#8221;||4px|||&#8221; link_option_url=&#8221;https:\/\/www.giovanelli.com\/en\/warping-machine\/direct-warping-machines\/&#8221; locked=&#8221;off&#8221; global_colors_info=&#8221;{}&#8221;]<\/p>\n<p>Discover Alexander &amp; Giovanelli Group&#8217;s range of direct warping machine<\/p>\n<p>[\/et_pb_toggle][et_pb_toggle title=&#8221;winder for selvedges and ropes&#8221; open_toggle_text_color=&#8221;#0C71C3&#8243; _builder_version=&#8221;4.20.4&#8243; _module_preset=&#8221;default&#8221; title_text_color=&#8221;#0C71C3&#8243; title_level=&#8221;h3&#8243; title_font=&#8221;|700||on|||||&#8221; custom_margin=&#8221;||4px|||&#8221; link_option_url=&#8221;https:\/\/www.giovanelli.com\/en\/warping-machine\/winders-for-selvedges-and-ropes\/&#8221; locked=&#8221;off&#8221; global_colors_info=&#8221;{}&#8221;]<\/p>\n<p>Discover the range of selvedge and rope winders from Alexander &amp; Giovanelli Group<\/p>\n<p>[\/et_pb_toggle][\/et_pb_column][\/et_pb_row][\/et_pb_section]<\/p>\n","protected":false},"excerpt":{"rendered":"<p>[et_pb_section fb_built=&#8221;1&#8243; admin_label=&#8221;section&#8221; _builder_version=&#8221;4.16&#8243; custom_padding=&#8221;0px|||||&#8221; global_colors_info=&#8221;{}&#8221;][et_pb_row admin_label=&#8221;row&#8221; _builder_version=&#8221;4.16&#8243; background_size=&#8221;initial&#8221; background_position=&#8221;top_left&#8221; background_repeat=&#8221;repeat&#8221; custom_padding=&#8221;0px|||||&#8221; global_colors_info=&#8221;{}&#8221;][et_pb_column type=&#8221;4_4&#8243; _builder_version=&#8221;4.16&#8243; custom_padding=&#8221;|||&#8221; global_colors_info=&#8221;{}&#8221; custom_padding__hover=&#8221;|||&#8221;][et_pb_text admin_label=&#8221;Text&#8221; _builder_version=&#8221;4.20.4&#8243; background_size=&#8221;initial&#8221; background_position=&#8221;top_left&#8221; background_repeat=&#8221;repeat&#8221; global_colors_info=&#8221;{}&#8221;] Alexander &amp; Giovanelli Group: Italy&#8217;s leading manufacturer of warping machines for the textile industry Alexander &amp; Giovanelli Group, a Legnano-based manufacturer of warping machine and winder for selvedges and ropes stands [&hellip;]<\/p>\n","protected":false},"author":1,"featured_media":100796,"parent":0,"menu_order":0,"comment_status":"closed","ping_status":"closed","template":"","meta":{"_et_pb_use_builder":"on","_et_pb_old_content":"<p>[et_pb_section fb_built=\"1\" admin_label=\"section\" _builder_version=\"4.16\" custom_padding=\"0px|||||\" global_colors_info=\"{}\" theme_builder_area=\"post_content\"][et_pb_row admin_label=\"row\" _builder_version=\"4.16\" background_size=\"initial\" background_position=\"top_left\" background_repeat=\"repeat\" custom_padding=\"0px|||||\" global_colors_info=\"{}\" theme_builder_area=\"post_content\"][et_pb_column type=\"4_4\" _builder_version=\"4.16\" custom_padding=\"|||\" global_colors_info=\"{}\" custom_padding__hover=\"|||\" theme_builder_area=\"post_content\"][et_pb_text admin_label=\"Text\" _builder_version=\"4.20.4\" background_size=\"initial\" background_position=\"top_left\" background_repeat=\"repeat\" hover_enabled=\"0\" global_colors_info=\"{}\" theme_builder_area=\"post_content\" sticky_enabled=\"0\"]<\/p><h1 class=\"p1\"><b>Alexander & Giovanelli Group: leader italiano nella produzione di orditoi per il settore tessile<\/b><\/h1><p class=\"p1\">Alexander & Giovanelli Group, produttore di orditoi e avvolgitori per cimosse e corde con sede a Legnano, si distingue nel settore tessile per la sua eccellenza nella produzione di macchinari e impianti per la preparazione alla tessitura e l'organizzazione della logistica.<\/p><p class=\"p1\">Affidandovi ad Alexander & Giovanelli Group, potrete contare su un'esperienza pluriennale e un'ampia gamma di soluzioni personalizzabili per rispondere alle esigenze specifiche del vostro business. La competenza tecnica e l'innovazione si uniscono per guidarvi nella scelta degli orditoi pi\u00f9 adatti alle vostre necessit\u00e0, assicurando efficienza e affidabilit\u00e0.<\/p><p>[grid_plus name=\"orditoi diretti\"]<\/p><h2 class=\"p1\"><b>Orditoi sezionali, orditoi diretti e avvolgitori per cimosse e corde: le proposte di Alexander & Giovanelli Group<\/b><\/h2><p class=\"p1\">Esplorate la selezione di orditoi sezionali, orditoi diretti e avvolgitori per cimosse e corde di Alexander & Giovanelli Group.<\/p><p>[\/et_pb_text][et_pb_toggle title=\"ORDITOI SEZIONALI\" open_toggle_text_color=\"#0C71C3\" _builder_version=\"4.20.4\" _module_preset=\"default\" title_text_color=\"#0C71C3\" title_level=\"h3\" title_font=\"|700|||||||\" custom_margin=\"||4px|||\" locked=\"off\" global_colors_info=\"{}\" theme_builder_area=\"post_content\"]<\/p><p>Scoprite la gamma di orditoi sezionali di Alexander & Giovanelli Group<\/p><p>[\/et_pb_toggle][et_pb_toggle title=\"ORDITOI DIRETTI\" open_toggle_text_color=\"#0C71C3\" _builder_version=\"4.20.4\" _module_preset=\"default\" title_text_color=\"#0C71C3\" title_level=\"h3\" title_font=\"|700|||||||\" custom_margin=\"||4px|||\" locked=\"off\" global_colors_info=\"{}\" theme_builder_area=\"post_content\"]<\/p><p>Scoprite la gamma di orditoi diretti di Alexander & Giovanelli Group<\/p><p>[\/et_pb_toggle][et_pb_toggle title=\"AVVOLGITORI PER CIMOSSE E CORDE\" open_toggle_text_color=\"#0C71C3\" _builder_version=\"4.20.4\" _module_preset=\"default\" title_text_color=\"#0C71C3\" title_level=\"h3\" title_font=\"|700|||||||\" custom_margin=\"||4px|||\" locked=\"off\" global_colors_info=\"{}\" theme_builder_area=\"post_content\"]<\/p><p>Scoprite la gamma di avvolgitori per cimosse e corde di Alexander & Giovanelli Group<\/p><p>[\/et_pb_toggle][\/et_pb_column][\/et_pb_row][\/et_pb_section]<\/p>","_et_gb_content_width":"","footnotes":""},"class_list":["post-100876","page","type-page","status-publish","has-post-thumbnail","hentry"],"yoast_head":"<!-- This site is optimized with the Yoast SEO plugin v26.0 - https:\/\/yoast.com\/wordpress\/plugins\/seo\/ -->\n<title>Manufacturer industrial warping machines | Alexander&amp;Giovanelli Group<\/title>\n<meta name=\"description\" content=\"Alexander&amp;Giovanelli Group is a manufacturer of fully customizable Made in Italy industrial warping machines. We design direct and sectional warps.\" \/>\n<meta name=\"robots\" content=\"index, follow, max-snippet:-1, max-image-preview:large, max-video-preview:-1\" \/>\n<link rel=\"canonical\" href=\"https:\/\/www.giovanelli.com\/en\/warping-machines\/\" \/>\n<meta property=\"og:locale\" content=\"en_US\" \/>\n<meta property=\"og:type\" content=\"article\" \/>\n<meta property=\"og:title\" content=\"Manufacturer industrial warping machines | Alexander&amp;Giovanelli Group\" \/>\n<meta property=\"og:description\" content=\"Alexander&amp;Giovanelli Group is a manufacturer of fully customizable Made in Italy industrial warping machines. We design direct and sectional warps.\" \/>\n<meta property=\"og:url\" content=\"https:\/\/www.giovanelli.com\/en\/warping-machines\/\" \/>\n<meta property=\"og:site_name\" content=\"alexander\" \/>\n<meta property=\"article:modified_time\" content=\"2023-05-31T11:12:24+00:00\" \/>\n<meta property=\"og:image\" content=\"https:\/\/www.giovanelli.com\/wp-content\/uploads\/2023\/05\/orditoi-sezionali5-scaled.jpg\" \/>\n\t<meta property=\"og:image:width\" content=\"2560\" \/>\n\t<meta property=\"og:image:height\" content=\"1920\" \/>\n\t<meta property=\"og:image:type\" content=\"image\/jpeg\" \/>\n<meta name=\"twitter:card\" content=\"summary_large_image\" \/>\n<meta name=\"twitter:label1\" content=\"Est. reading time\" \/>\n\t<meta name=\"twitter:data1\" content=\"2 minutes\" \/>\n<script type=\"application\/ld+json\" class=\"yoast-schema-graph\">{\"@context\":\"https:\/\/schema.org\",\"@graph\":[{\"@type\":\"WebPage\",\"@id\":\"https:\/\/www.giovanelli.com\/en\/warping-machines\/\",\"url\":\"https:\/\/www.giovanelli.com\/en\/warping-machines\/\",\"name\":\"Manufacturer industrial warping machines | Alexander&Giovanelli Group\",\"isPartOf\":{\"@id\":\"https:\/\/www.giovanelli.com\/en\/#website\"},\"primaryImageOfPage\":{\"@id\":\"https:\/\/www.giovanelli.com\/en\/warping-machines\/#primaryimage\"},\"image\":{\"@id\":\"https:\/\/www.giovanelli.com\/en\/warping-machines\/#primaryimage\"},\"thumbnailUrl\":\"https:\/\/www.giovanelli.com\/wp-content\/uploads\/2023\/05\/orditoi-sezionali5-scaled.jpg\",\"datePublished\":\"2023-05-09T14:20:50+00:00\",\"dateModified\":\"2023-05-31T11:12:24+00:00\",\"description\":\"Alexander&Giovanelli Group is a manufacturer of fully customizable Made in Italy industrial warping machines. We design direct and sectional warps.\",\"breadcrumb\":{\"@id\":\"https:\/\/www.giovanelli.com\/en\/warping-machines\/#breadcrumb\"},\"inLanguage\":\"en-US\",\"potentialAction\":[{\"@type\":\"ReadAction\",\"target\":[\"https:\/\/www.giovanelli.com\/en\/warping-machines\/\"]}]},{\"@type\":\"ImageObject\",\"inLanguage\":\"en-US\",\"@id\":\"https:\/\/www.giovanelli.com\/en\/warping-machines\/#primaryimage\",\"url\":\"https:\/\/www.giovanelli.com\/wp-content\/uploads\/2023\/05\/orditoi-sezionali5-scaled.jpg\",\"contentUrl\":\"https:\/\/www.giovanelli.com\/wp-content\/uploads\/2023\/05\/orditoi-sezionali5-scaled.jpg\",\"width\":2560,\"height\":1920,\"caption\":\"Orditoi sezionali Alexander & Giovanelli\"},{\"@type\":\"BreadcrumbList\",\"@id\":\"https:\/\/www.giovanelli.com\/en\/warping-machines\/#breadcrumb\",\"itemListElement\":[{\"@type\":\"ListItem\",\"position\":1,\"name\":\"Home\",\"item\":\"https:\/\/www.giovanelli.com\/en\/\"},{\"@type\":\"ListItem\",\"position\":2,\"name\":\"WARPING MACHINE\"}]},{\"@type\":\"WebSite\",\"@id\":\"https:\/\/www.giovanelli.com\/en\/#website\",\"url\":\"https:\/\/www.giovanelli.com\/en\/\",\"name\":\"Alexander & Giovanelli Group\",\"description\":\"\",\"publisher\":{\"@id\":\"https:\/\/www.giovanelli.com\/en\/#organization\"},\"potentialAction\":[{\"@type\":\"SearchAction\",\"target\":{\"@type\":\"EntryPoint\",\"urlTemplate\":\"https:\/\/www.giovanelli.com\/en\/?s={search_term_string}\"},\"query-input\":{\"@type\":\"PropertyValueSpecification\",\"valueRequired\":true,\"valueName\":\"search_term_string\"}}],\"inLanguage\":\"en-US\"},{\"@type\":\"Organization\",\"@id\":\"https:\/\/www.giovanelli.com\/en\/#organization\",\"name\":\"Alexander & Giovanelli Group\",\"url\":\"https:\/\/www.giovanelli.com\/en\/\",\"logo\":{\"@type\":\"ImageObject\",\"inLanguage\":\"en-US\",\"@id\":\"https:\/\/www.giovanelli.com\/en\/#\/schema\/logo\/image\/\",\"url\":\"https:\/\/www.giovanelli.com\/wp-content\/uploads\/2023\/05\/Logo_Alexander_RGB.png\",\"contentUrl\":\"https:\/\/www.giovanelli.com\/wp-content\/uploads\/2023\/05\/Logo_Alexander_RGB.png\",\"width\":3508,\"height\":655,\"caption\":\"Alexander & Giovanelli Group\"},\"image\":{\"@id\":\"https:\/\/www.giovanelli.com\/en\/#\/schema\/logo\/image\/\"}}]}<\/script>\n<!-- \/ Yoast SEO plugin. -->","yoast_head_json":{"title":"Manufacturer industrial warping machines | Alexander&Giovanelli Group","description":"Alexander&Giovanelli Group is a manufacturer of fully customizable Made in Italy industrial warping machines. We design direct and sectional warps.","robots":{"index":"index","follow":"follow","max-snippet":"max-snippet:-1","max-image-preview":"max-image-preview:large","max-video-preview":"max-video-preview:-1"},"canonical":"https:\/\/www.giovanelli.com\/en\/warping-machines\/","og_locale":"en_US","og_type":"article","og_title":"Manufacturer industrial warping machines | Alexander&Giovanelli Group","og_description":"Alexander&Giovanelli Group is a manufacturer of fully customizable Made in Italy industrial warping machines. We design direct and sectional warps.","og_url":"https:\/\/www.giovanelli.com\/en\/warping-machines\/","og_site_name":"alexander","article_modified_time":"2023-05-31T11:12:24+00:00","og_image":[{"width":2560,"height":1920,"url":"https:\/\/www.giovanelli.com\/wp-content\/uploads\/2023\/05\/orditoi-sezionali5-scaled.jpg","type":"image\/jpeg"}],"twitter_card":"summary_large_image","twitter_misc":{"Est. reading time":"2 minutes"},"schema":{"@context":"https:\/\/schema.org","@graph":[{"@type":"WebPage","@id":"https:\/\/www.giovanelli.com\/en\/warping-machines\/","url":"https:\/\/www.giovanelli.com\/en\/warping-machines\/","name":"Manufacturer industrial warping machines | Alexander&Giovanelli Group","isPartOf":{"@id":"https:\/\/www.giovanelli.com\/en\/#website"},"primaryImageOfPage":{"@id":"https:\/\/www.giovanelli.com\/en\/warping-machines\/#primaryimage"},"image":{"@id":"https:\/\/www.giovanelli.com\/en\/warping-machines\/#primaryimage"},"thumbnailUrl":"https:\/\/www.giovanelli.com\/wp-content\/uploads\/2023\/05\/orditoi-sezionali5-scaled.jpg","datePublished":"2023-05-09T14:20:50+00:00","dateModified":"2023-05-31T11:12:24+00:00","description":"Alexander&Giovanelli Group is a manufacturer of fully customizable Made in Italy industrial warping machines. We design direct and sectional warps.","breadcrumb":{"@id":"https:\/\/www.giovanelli.com\/en\/warping-machines\/#breadcrumb"},"inLanguage":"en-US","potentialAction":[{"@type":"ReadAction","target":["https:\/\/www.giovanelli.com\/en\/warping-machines\/"]}]},{"@type":"ImageObject","inLanguage":"en-US","@id":"https:\/\/www.giovanelli.com\/en\/warping-machines\/#primaryimage","url":"https:\/\/www.giovanelli.com\/wp-content\/uploads\/2023\/05\/orditoi-sezionali5-scaled.jpg","contentUrl":"https:\/\/www.giovanelli.com\/wp-content\/uploads\/2023\/05\/orditoi-sezionali5-scaled.jpg","width":2560,"height":1920,"caption":"Orditoi sezionali Alexander & Giovanelli"},{"@type":"BreadcrumbList","@id":"https:\/\/www.giovanelli.com\/en\/warping-machines\/#breadcrumb","itemListElement":[{"@type":"ListItem","position":1,"name":"Home","item":"https:\/\/www.giovanelli.com\/en\/"},{"@type":"ListItem","position":2,"name":"WARPING MACHINE"}]},{"@type":"WebSite","@id":"https:\/\/www.giovanelli.com\/en\/#website","url":"https:\/\/www.giovanelli.com\/en\/","name":"Alexander & Giovanelli Group","description":"","publisher":{"@id":"https:\/\/www.giovanelli.com\/en\/#organization"},"potentialAction":[{"@type":"SearchAction","target":{"@type":"EntryPoint","urlTemplate":"https:\/\/www.giovanelli.com\/en\/?s={search_term_string}"},"query-input":{"@type":"PropertyValueSpecification","valueRequired":true,"valueName":"search_term_string"}}],"inLanguage":"en-US"},{"@type":"Organization","@id":"https:\/\/www.giovanelli.com\/en\/#organization","name":"Alexander & Giovanelli Group","url":"https:\/\/www.giovanelli.com\/en\/","logo":{"@type":"ImageObject","inLanguage":"en-US","@id":"https:\/\/www.giovanelli.com\/en\/#\/schema\/logo\/image\/","url":"https:\/\/www.giovanelli.com\/wp-content\/uploads\/2023\/05\/Logo_Alexander_RGB.png","contentUrl":"https:\/\/www.giovanelli.com\/wp-content\/uploads\/2023\/05\/Logo_Alexander_RGB.png","width":3508,"height":655,"caption":"Alexander & Giovanelli Group"},"image":{"@id":"https:\/\/www.giovanelli.com\/en\/#\/schema\/logo\/image\/"}}]}},"_links":{"self":[{"href":"https:\/\/www.giovanelli.com\/en\/wp-json\/wp\/v2\/pages\/100876","targetHints":{"allow":["GET"]}}],"collection":[{"href":"https:\/\/www.giovanelli.com\/en\/wp-json\/wp\/v2\/pages"}],"about":[{"href":"https:\/\/www.giovanelli.com\/en\/wp-json\/wp\/v2\/types\/page"}],"author":[{"embeddable":true,"href":"https:\/\/www.giovanelli.com\/en\/wp-json\/wp\/v2\/users\/1"}],"replies":[{"embeddable":true,"href":"https:\/\/www.giovanelli.com\/en\/wp-json\/wp\/v2\/comments?post=100876"}],"version-history":[{"count":6,"href":"https:\/\/www.giovanelli.com\/en\/wp-json\/wp\/v2\/pages\/100876\/revisions"}],"predecessor-version":[{"id":101233,"href":"https:\/\/www.giovanelli.com\/en\/wp-json\/wp\/v2\/pages\/100876\/revisions\/101233"}],"wp:featuredmedia":[{"embeddable":true,"href":"https:\/\/www.giovanelli.com\/en\/wp-json\/wp\/v2\/media\/100796"}],"wp:attachment":[{"href":"https:\/\/www.giovanelli.com\/en\/wp-json\/wp\/v2\/media?parent=100876"}],"curies":[{"name":"wp","href":"https:\/\/api.w.org\/{rel}","templated":true}]}}