{"id":100924,"date":"2023-05-11T08:40:55","date_gmt":"2023-05-11T08:40:55","guid":{"rendered":"https:\/\/www.giovanelli.com\/?page_id=100924"},"modified":"2023-05-31T08:54:18","modified_gmt":"2023-05-31T08:54:18","slug":"trolleys","status":"publish","type":"page","link":"https:\/\/www.giovanelli.com\/en\/trolleys\/","title":{"rendered":"TROLLEYS"},"content":{"rendered":"<p>[et_pb_section fb_built=&#8221;1&#8243; _builder_version=&#8221;4.16&#8243; custom_padding=&#8221;0px|||||&#8221; global_colors_info=&#8221;{}&#8221; theme_builder_area=&#8221;post_content&#8221;][et_pb_row _builder_version=&#8221;4.16&#8243; background_size=&#8221;initial&#8221; background_position=&#8221;top_left&#8221; background_repeat=&#8221;repeat&#8221; custom_padding=&#8221;5px|||||&#8221; global_colors_info=&#8221;{}&#8221; theme_builder_area=&#8221;post_content&#8221;][et_pb_column type=&#8221;4_4&#8243; _builder_version=&#8221;4.16&#8243; custom_padding=&#8221;|||&#8221; global_colors_info=&#8221;{}&#8221; custom_padding__hover=&#8221;|||&#8221; theme_builder_area=&#8221;post_content&#8221;][et_pb_text _builder_version=&#8221;4.20.4&#8243; background_size=&#8221;initial&#8221; background_position=&#8221;top_left&#8221; background_repeat=&#8221;repeat&#8221; global_colors_info=&#8221;{}&#8221; theme_builder_area=&#8221;post_content&#8221;]<\/p>\n<h1><b>Alexander &amp; Giovanelli Group: Italian leader in the production of trolleys for transporting beams and\/or rolls for textile industries<\/b><\/h1>\n<p>The production of trolleys for the transport of beams and rolls is <b>one of the strengths of Alexander &amp; Giovanelli Group<\/b>, which offers customized solutions for each specific customers\u2019 needs. Each trolley is designed and manufactured with the utmost attention to quality and functionality, ensuring <b>maximum reliability and safety<\/b> during use.\u00a0Thanks to its long experience in the sector, Alexander &amp; Giovanelli Group is able to offer its customers complete and personalized advice in the choice of products, supporting them in choosing the solution best suited to their needs and guaranteeing a <b>qualified and timely technical assistance service<\/b>.<span class=\"Apple-converted-space\">\u00a0<\/span><\/p>\n<p>Choosing Alexander &amp; Giovanelli Group means relying on a reliable and competent manufacturer, able to offer <b>high-level solutions<\/b> for material handling within its warehouses.<\/p>\n<h2>\u00a0<\/h2>\n<h1><div class=\"grid-plus-container grid-69e13cbf6c676 attachment \"\n     id=\"69e13cbf6c676\"\n     data-grid-name=\"carrelli\"\n     data-animation=\"fadeInUp\">\n    <div class=\"grid-stack-container grid-plus-inner\"\n         data-ajax-url=\"https:\/\/www.giovanelli.com\/wp-admin\/admin-ajax.php\"\n         data-grid-id=\"6468ca9c05a90\"\n         data-current-category=\"\"\n         data-section-id=\"69e13cbf6c676\"\n         data-gutter=\"10\"\n         data-columns=\"3\"\n         data-height-ratio=\"1\"\n         data-width-ratio=\"1\"\n         data-desktop-columns=\"3\"\n         data-tablet-columns=\"2\"\n         data-mobile-columns=\"1\"\n         data-layout-type=\"grid\"\n         data-source-type=\"posts\"\n         data-fix-item-height=\"true\"\n         data-nonce=\"a1370f4c44\"\n    >\n                <div class=\"grid-stack grid-stack-3\" data-layout=\"grid\"\n             style=\"height: 810px\">\n        <\/div>\n        <div class=\"grid-items\">\n                                <div class=\"item\" data-gs-x=\"0\"\n                         data-gs-y=\"0\"\n                         data-gs-width=\"1\"\n                         data-gs-height=\"41\"\n                         data-skin=\"thumbnail-icon-gallery\"\n\n                         data-desktop-gs-x=\"0\"\n                         data-desktop-gs-y=\"0\"\n                         data-desktop-gs-width=\"1\"\n                         data-desktop-gs-height=\"41\"\n                         data-desktop-skin=\"thumbnail-icon-gallery\"\n\n                         data-image-width=\"2016\"\n                         data-image-height=\"1512\"\n                         data-item-width-ratio=\"1\"\n                         data-item-height-ratio=\"1\"\n                    >\n                        <div class=\"grid-post-item thumbnail thumbnail-icon\" data-thumbnail-only=\"1\">\n    <div class=\"thumbnail-image\" data-img=\"https:\/\/www.giovanelli.com\/wp-content\/uploads\/2023\/05\/carrelli18-600x504.jpg\">\n                    <img decoding=\"async\" src=\"https:\/\/www.giovanelli.com\/wp-content\/uploads\/2023\/05\/carrelli18-600x504.jpg\" alt=\"carrelli18\" >\n                <div class=\"hover-outer transition-30\">\n                        <div class=\"hover-inner transition-50\">\n                <div class=\"icon-groups\">\n                    <a href=\"javascript:;\" class=\"view-gallery\" data-post-id=\"100826\" data-src=\"https:\/\/www.giovanelli.com\/wp-content\/uploads\/2023\/05\/carrelli18.jpg\"\n                       data-ajax-url=\"https:\/\/www.giovanelli.com\/wp-admin\/admin-ajax.php\"><i class=\"fa fa-search\"><\/i><\/a>\n                <\/div>\n            <\/div>\n        <\/div>\n    <\/div>\n<\/div>\n                    <\/div>\n                                        <div class=\"item\" data-gs-x=\"1\"\n                         data-gs-y=\"0\"\n                         data-gs-width=\"1\"\n                         data-gs-height=\"41\"\n                         data-skin=\"thumbnail-icon-gallery\"\n\n                         data-desktop-gs-x=\"1\"\n                         data-desktop-gs-y=\"0\"\n                         data-desktop-gs-width=\"1\"\n                         data-desktop-gs-height=\"41\"\n                         data-desktop-skin=\"thumbnail-icon-gallery\"\n\n                         data-image-width=\"2016\"\n                         data-image-height=\"1512\"\n                         data-item-width-ratio=\"1\"\n                         data-item-height-ratio=\"1\"\n                    >\n                        <div class=\"grid-post-item thumbnail thumbnail-icon\" data-thumbnail-only=\"1\">\n    <div class=\"thumbnail-image\" data-img=\"https:\/\/www.giovanelli.com\/wp-content\/uploads\/2023\/05\/carrelli17-600x504.jpg\">\n                    <img decoding=\"async\" src=\"https:\/\/www.giovanelli.com\/wp-content\/uploads\/2023\/05\/carrelli17-600x504.jpg\" alt=\"carrelli17\" >\n                <div class=\"hover-outer transition-30\">\n                        <div class=\"hover-inner transition-50\">\n                <div class=\"icon-groups\">\n                    <a href=\"javascript:;\" class=\"view-gallery\" data-post-id=\"100825\" data-src=\"https:\/\/www.giovanelli.com\/wp-content\/uploads\/2023\/05\/carrelli17.jpg\"\n                       data-ajax-url=\"https:\/\/www.giovanelli.com\/wp-admin\/admin-ajax.php\"><i class=\"fa fa-search\"><\/i><\/a>\n                <\/div>\n            <\/div>\n        <\/div>\n    <\/div>\n<\/div>\n                    <\/div>\n                                        <div class=\"item\" data-gs-x=\"2\"\n                         data-gs-y=\"0\"\n                         data-gs-width=\"1\"\n                         data-gs-height=\"41\"\n                         data-skin=\"thumbnail-icon-gallery\"\n\n                         data-desktop-gs-x=\"2\"\n                         data-desktop-gs-y=\"0\"\n                         data-desktop-gs-width=\"1\"\n                         data-desktop-gs-height=\"41\"\n                         data-desktop-skin=\"thumbnail-icon-gallery\"\n\n                         data-image-width=\"900\"\n                         data-image-height=\"675\"\n                         data-item-width-ratio=\"1\"\n                         data-item-height-ratio=\"1\"\n                    >\n                        <div class=\"grid-post-item thumbnail thumbnail-icon\" data-thumbnail-only=\"1\">\n    <div class=\"thumbnail-image\" data-img=\"https:\/\/www.giovanelli.com\/wp-content\/uploads\/2023\/05\/IMG_2318-600x675.jpg\">\n                    <img decoding=\"async\" src=\"https:\/\/www.giovanelli.com\/wp-content\/uploads\/2023\/05\/IMG_2318-600x675.jpg\" alt=\"IMG_2318\" >\n                <div class=\"hover-outer transition-30\">\n                        <div class=\"hover-inner transition-50\">\n                <div class=\"icon-groups\">\n                    <a href=\"javascript:;\" class=\"view-gallery\" data-post-id=\"100870\" data-src=\"https:\/\/www.giovanelli.com\/wp-content\/uploads\/2023\/05\/IMG_2318.jpg\"\n                       data-ajax-url=\"https:\/\/www.giovanelli.com\/wp-admin\/admin-ajax.php\"><i class=\"fa fa-search\"><\/i><\/a>\n                <\/div>\n            <\/div>\n        <\/div>\n    <\/div>\n<\/div>\n                    <\/div>\n                            <\/div>\n\n        <div class=\"grid-paging-navigation-wrap text-center grid-gutter-10\">\n    <div class=\"grid-paging-navigation clearfix\" data-section-id=\"69e13cbf6c676\">\n        <span aria-label=\"Page 1\" aria-current=\"page\" class=\"page-numbers current\"><span >1<\/span><\/span>\n<a aria-label=\"Page 2\" class=\"page-numbers\" href=\"https:\/\/www.giovanelli.com\/en\/wp-json\/wp\/v2\/pages\/100924\/page\/2\/\"><span >2<\/span><\/a>\n<span class=\"page-numbers dots\">&hellip;<\/span>\n<a aria-label=\"Page 9\" class=\"page-numbers\" href=\"https:\/\/www.giovanelli.com\/en\/wp-json\/wp\/v2\/pages\/100924\/page\/9\/\"><span >9<\/span><\/a>\n<a class=\"next page-numbers\" href=\"https:\/\/www.giovanelli.com\/en\/wp-json\/wp\/v2\/pages\/100924\/page\/2\/\"><span ><i class=\"fa fa-angle-right\"><\/i><\/span><\/a>    <\/div>\n<\/div>\n    <\/div>\n<\/div><\/h1>\n<h2>\u00a0<\/h2>\n<h2><b>Electric and manual trolleys for transporting beams and rolls within textile industries: Alexander &amp; Giovanelli Group\u2019s proposals<\/b><\/h2>\n<p>Explore Alexander &amp; Giovanelli Group&#8217;s selection of electric and manual trolleys.<\/p>\n<p>[\/et_pb_text][et_pb_toggle title=&#8221;Electric trolleys&#8221; open_toggle_text_color=&#8221;#0C71C3&#8243; _builder_version=&#8221;4.20.4&#8243; _module_preset=&#8221;default&#8221; title_text_color=&#8221;#0C71C3&#8243; title_level=&#8221;h3&#8243; title_font=&#8221;|700||on|||||&#8221; custom_margin=&#8221;||4px|||&#8221; hover_enabled=&#8221;0&#8243; locked=&#8221;off&#8221; global_colors_info=&#8221;{}&#8221; theme_builder_area=&#8221;post_content&#8221; link_option_url=&#8221;https:\/\/www.giovanelli.com\/en\/trolleys\/electric-trolleys\/&#8221; sticky_enabled=&#8221;0&#8243;]<\/p>\n<p>Discover Alexander &amp; Giovanelli Group&#8217;s electric trolleys<\/p>\n<p>[\/et_pb_toggle][et_pb_toggle title=&#8221;Manual trolleys&#8221; open_toggle_text_color=&#8221;#0C71C3&#8243; _builder_version=&#8221;4.20.4&#8243; _module_preset=&#8221;default&#8221; title_text_color=&#8221;#0C71C3&#8243; title_level=&#8221;h3&#8243; title_font=&#8221;|700||on|||||&#8221; custom_margin=&#8221;||4px|||&#8221; custom_padding=&#8221;||20px|||&#8221; hover_enabled=&#8221;0&#8243; locked=&#8221;off&#8221; global_colors_info=&#8221;{}&#8221; theme_builder_area=&#8221;post_content&#8221; link_option_url=&#8221;https:\/\/www.giovanelli.com\/en\/trolleys\/manual-trolleys\/&#8221; sticky_enabled=&#8221;0&#8243;]<\/p>\n<p>Discover Alexander &amp; Giovanelli Group&#8217;s manual trolleys<\/p>\n<p>[\/et_pb_toggle][\/et_pb_column][\/et_pb_row][\/et_pb_section]<\/p>\n","protected":false},"excerpt":{"rendered":"<p>[et_pb_section fb_built=&#8221;1&#8243; _builder_version=&#8221;4.16&#8243; custom_padding=&#8221;0px|||||&#8221; global_colors_info=&#8221;{}&#8221; theme_builder_area=&#8221;post_content&#8221;][et_pb_row _builder_version=&#8221;4.16&#8243; background_size=&#8221;initial&#8221; background_position=&#8221;top_left&#8221; background_repeat=&#8221;repeat&#8221; custom_padding=&#8221;5px|||||&#8221; global_colors_info=&#8221;{}&#8221; theme_builder_area=&#8221;post_content&#8221;][et_pb_column type=&#8221;4_4&#8243; _builder_version=&#8221;4.16&#8243; custom_padding=&#8221;|||&#8221; global_colors_info=&#8221;{}&#8221; custom_padding__hover=&#8221;|||&#8221; theme_builder_area=&#8221;post_content&#8221;][et_pb_text _builder_version=&#8221;4.20.4&#8243; background_size=&#8221;initial&#8221; background_position=&#8221;top_left&#8221; background_repeat=&#8221;repeat&#8221; global_colors_info=&#8221;{}&#8221; theme_builder_area=&#8221;post_content&#8221;] Alexander &amp; Giovanelli Group: Italian leader in the production of trolleys for transporting beams and\/or rolls for textile industries The production of trolleys for the transport of beams and rolls [&hellip;]<\/p>\n","protected":false},"author":1,"featured_media":100822,"parent":0,"menu_order":0,"comment_status":"closed","ping_status":"closed","template":"","meta":{"_et_pb_use_builder":"on","_et_pb_old_content":"<p>[et_pb_section fb_built=\"1\" _builder_version=\"4.16\" custom_padding=\"0px|||||\" global_colors_info=\"{}\"][et_pb_row _builder_version=\"4.16\" background_size=\"initial\" background_position=\"top_left\" background_repeat=\"repeat\" custom_padding=\"5px|||||\" global_colors_info=\"{}\"][et_pb_column type=\"4_4\" _builder_version=\"4.16\" custom_padding=\"|||\" global_colors_info=\"{}\" custom_padding__hover=\"|||\"][et_pb_text _builder_version=\"4.20.4\" background_size=\"initial\" background_position=\"top_left\" background_repeat=\"repeat\" global_colors_info=\"{}\"]<\/p><h1>Alexander & Giovanelli Group:<br \/>leader italiano nella produzione di carrelli per il trasporto di subbi e rotoli per industrie tessili<\/h1><p>La produzione di carrelli per il trasporto di subbi e rotoli \u00e8 uno dei punti di forza di Alexander & Giovanelli Group, che offre soluzioni personalizzate per ogni specifica esigenza dei propri clienti. Ogni carrello \u00e8 progettato e realizzato con la massima attenzione alla qualit\u00e0 e alla funzionalit\u00e0, garantendo massima affidabilit\u00e0 e sicurezza durante l'utilizzo. Grazie alla lunga esperienza maturata nel settore, Alexander & Giovanelli Group \u00e8 in grado di offrire ai propri clienti una consulenza completa e personalizzata nella scelta dei prodotti, supportandoli nella scelta della soluzione pi\u00f9 adatta alle proprie necessit\u00e0 e garantendo un servizio di assistenza tecnica qualificato e tempestivo. Scegliere<\/p><p>Alexander & Giovanelli Group significa affidarsi ad un produttore affidabile e competente, in grado di offrire soluzioni di alto livello per la movimentazione di materiali all\u2019interno dei propri magazzini.<\/p><h2>\u00a0<\/h2><h1>[grid_plus name=\"carrelli\"]\u00a0<\/h1><h2>\u00a0<\/h2><h2>Carrelli elettrici e manuali per il trasporto di subbi e rotoli all\u2019interno di industrie tessili: le proposte di Alexander & Giovanelli Group<\/h2><p>Esplorate la selezione di carrelli elettrici e manuali di Alexander & Giovanelli Group.<\/p><p>[\/et_pb_text][et_pb_toggle title=\"CARRELLI ELETTRICI\" open_toggle_text_color=\"#0C71C3\" _builder_version=\"4.20.4\" _module_preset=\"default\" title_text_color=\"#0C71C3\" title_level=\"h3\" title_font=\"|700|||||||\" custom_margin=\"||4px|||\" locked=\"off\" global_colors_info=\"{}\"]Scoprite i carrelli elettrici di Alexander & Giovanelli[\/et_pb_toggle][et_pb_toggle title=\"CARRELLI MANUALI\" open_toggle_text_color=\"#0C71C3\" _builder_version=\"4.20.4\" _module_preset=\"default\" title_text_color=\"#0C71C3\" title_level=\"h3\" title_font=\"|700|||||||\" custom_margin=\"||4px|||\" custom_padding=\"||20px|||\" locked=\"off\" global_colors_info=\"{}\"]<\/p><p>Scoprite i carrelli manuali di Alexander & Giovanelli<\/p><p>[\/et_pb_toggle][\/et_pb_column][\/et_pb_row][\/et_pb_section]<\/p>","_et_gb_content_width":"","footnotes":""},"class_list":["post-100924","page","type-page","status-publish","has-post-thumbnail","hentry"],"yoast_head":"<!-- This site is optimized with the Yoast SEO plugin v26.0 - https:\/\/yoast.com\/wordpress\/plugins\/seo\/ -->\n<title>Trolleys for beams and fabric rolls | Alexander&amp;Giovanelli Group<\/title>\n<meta name=\"description\" content=\"Alexander&amp;Giovanelli Group is a manufacturer of fully customizable Made in Italy trolleys for beams and fabric rolls. Available in manual or electric versions.\" \/>\n<meta name=\"robots\" content=\"index, follow, max-snippet:-1, max-image-preview:large, max-video-preview:-1\" \/>\n<link rel=\"canonical\" href=\"https:\/\/www.giovanelli.com\/en\/trolleys\/\" \/>\n<meta property=\"og:locale\" content=\"en_US\" \/>\n<meta property=\"og:type\" content=\"article\" \/>\n<meta property=\"og:title\" content=\"Trolleys for beams and fabric rolls | Alexander&amp;Giovanelli Group\" \/>\n<meta property=\"og:description\" content=\"Alexander&amp;Giovanelli Group is a manufacturer of fully customizable Made in Italy trolleys for beams and fabric rolls. Available in manual or electric versions.\" \/>\n<meta property=\"og:url\" content=\"https:\/\/www.giovanelli.com\/en\/trolleys\/\" \/>\n<meta property=\"og:site_name\" content=\"alexander\" \/>\n<meta property=\"article:modified_time\" content=\"2023-05-31T08:54:18+00:00\" \/>\n<meta property=\"og:image\" content=\"https:\/\/www.giovanelli.com\/wp-content\/uploads\/2023\/05\/carrelli14.jpg\" \/>\n\t<meta property=\"og:image:width\" content=\"2016\" \/>\n\t<meta property=\"og:image:height\" content=\"1512\" \/>\n\t<meta property=\"og:image:type\" content=\"image\/jpeg\" \/>\n<meta name=\"twitter:card\" content=\"summary_large_image\" \/>\n<meta name=\"twitter:label1\" content=\"Est. reading time\" \/>\n\t<meta name=\"twitter:data1\" content=\"2 minutes\" \/>\n<script type=\"application\/ld+json\" class=\"yoast-schema-graph\">{\"@context\":\"https:\/\/schema.org\",\"@graph\":[{\"@type\":\"WebPage\",\"@id\":\"https:\/\/www.giovanelli.com\/en\/trolleys\/\",\"url\":\"https:\/\/www.giovanelli.com\/en\/trolleys\/\",\"name\":\"Trolleys for beams and fabric rolls | Alexander&Giovanelli Group\",\"isPartOf\":{\"@id\":\"https:\/\/www.giovanelli.com\/en\/#website\"},\"primaryImageOfPage\":{\"@id\":\"https:\/\/www.giovanelli.com\/en\/trolleys\/#primaryimage\"},\"image\":{\"@id\":\"https:\/\/www.giovanelli.com\/en\/trolleys\/#primaryimage\"},\"thumbnailUrl\":\"https:\/\/www.giovanelli.com\/wp-content\/uploads\/2023\/05\/carrelli14.jpg\",\"datePublished\":\"2023-05-11T08:40:55+00:00\",\"dateModified\":\"2023-05-31T08:54:18+00:00\",\"description\":\"Alexander&Giovanelli Group is a manufacturer of fully customizable Made in Italy trolleys for beams and fabric rolls. Available in manual or electric versions.\",\"breadcrumb\":{\"@id\":\"https:\/\/www.giovanelli.com\/en\/trolleys\/#breadcrumb\"},\"inLanguage\":\"en-US\",\"potentialAction\":[{\"@type\":\"ReadAction\",\"target\":[\"https:\/\/www.giovanelli.com\/en\/trolleys\/\"]}]},{\"@type\":\"ImageObject\",\"inLanguage\":\"en-US\",\"@id\":\"https:\/\/www.giovanelli.com\/en\/trolleys\/#primaryimage\",\"url\":\"https:\/\/www.giovanelli.com\/wp-content\/uploads\/2023\/05\/carrelli14.jpg\",\"contentUrl\":\"https:\/\/www.giovanelli.com\/wp-content\/uploads\/2023\/05\/carrelli14.jpg\",\"width\":2016,\"height\":1512,\"caption\":\"Carrelli per subbi e rotoli di tessuto Alexander & Giovanelli\"},{\"@type\":\"BreadcrumbList\",\"@id\":\"https:\/\/www.giovanelli.com\/en\/trolleys\/#breadcrumb\",\"itemListElement\":[{\"@type\":\"ListItem\",\"position\":1,\"name\":\"Home\",\"item\":\"https:\/\/www.giovanelli.com\/en\/\"},{\"@type\":\"ListItem\",\"position\":2,\"name\":\"TROLLEYS\"}]},{\"@type\":\"WebSite\",\"@id\":\"https:\/\/www.giovanelli.com\/en\/#website\",\"url\":\"https:\/\/www.giovanelli.com\/en\/\",\"name\":\"Alexander & Giovanelli Group\",\"description\":\"\",\"publisher\":{\"@id\":\"https:\/\/www.giovanelli.com\/en\/#organization\"},\"potentialAction\":[{\"@type\":\"SearchAction\",\"target\":{\"@type\":\"EntryPoint\",\"urlTemplate\":\"https:\/\/www.giovanelli.com\/en\/?s={search_term_string}\"},\"query-input\":{\"@type\":\"PropertyValueSpecification\",\"valueRequired\":true,\"valueName\":\"search_term_string\"}}],\"inLanguage\":\"en-US\"},{\"@type\":\"Organization\",\"@id\":\"https:\/\/www.giovanelli.com\/en\/#organization\",\"name\":\"Alexander & Giovanelli Group\",\"url\":\"https:\/\/www.giovanelli.com\/en\/\",\"logo\":{\"@type\":\"ImageObject\",\"inLanguage\":\"en-US\",\"@id\":\"https:\/\/www.giovanelli.com\/en\/#\/schema\/logo\/image\/\",\"url\":\"https:\/\/www.giovanelli.com\/wp-content\/uploads\/2023\/05\/Logo_Alexander_RGB.png\",\"contentUrl\":\"https:\/\/www.giovanelli.com\/wp-content\/uploads\/2023\/05\/Logo_Alexander_RGB.png\",\"width\":3508,\"height\":655,\"caption\":\"Alexander & Giovanelli Group\"},\"image\":{\"@id\":\"https:\/\/www.giovanelli.com\/en\/#\/schema\/logo\/image\/\"}}]}<\/script>\n<!-- \/ Yoast SEO plugin. -->","yoast_head_json":{"title":"Trolleys for beams and fabric rolls | Alexander&Giovanelli Group","description":"Alexander&Giovanelli Group is a manufacturer of fully customizable Made in Italy trolleys for beams and fabric rolls. Available in manual or electric versions.","robots":{"index":"index","follow":"follow","max-snippet":"max-snippet:-1","max-image-preview":"max-image-preview:large","max-video-preview":"max-video-preview:-1"},"canonical":"https:\/\/www.giovanelli.com\/en\/trolleys\/","og_locale":"en_US","og_type":"article","og_title":"Trolleys for beams and fabric rolls | Alexander&Giovanelli Group","og_description":"Alexander&Giovanelli Group is a manufacturer of fully customizable Made in Italy trolleys for beams and fabric rolls. Available in manual or electric versions.","og_url":"https:\/\/www.giovanelli.com\/en\/trolleys\/","og_site_name":"alexander","article_modified_time":"2023-05-31T08:54:18+00:00","og_image":[{"width":2016,"height":1512,"url":"https:\/\/www.giovanelli.com\/wp-content\/uploads\/2023\/05\/carrelli14.jpg","type":"image\/jpeg"}],"twitter_card":"summary_large_image","twitter_misc":{"Est. reading time":"2 minutes"},"schema":{"@context":"https:\/\/schema.org","@graph":[{"@type":"WebPage","@id":"https:\/\/www.giovanelli.com\/en\/trolleys\/","url":"https:\/\/www.giovanelli.com\/en\/trolleys\/","name":"Trolleys for beams and fabric rolls | Alexander&Giovanelli Group","isPartOf":{"@id":"https:\/\/www.giovanelli.com\/en\/#website"},"primaryImageOfPage":{"@id":"https:\/\/www.giovanelli.com\/en\/trolleys\/#primaryimage"},"image":{"@id":"https:\/\/www.giovanelli.com\/en\/trolleys\/#primaryimage"},"thumbnailUrl":"https:\/\/www.giovanelli.com\/wp-content\/uploads\/2023\/05\/carrelli14.jpg","datePublished":"2023-05-11T08:40:55+00:00","dateModified":"2023-05-31T08:54:18+00:00","description":"Alexander&Giovanelli Group is a manufacturer of fully customizable Made in Italy trolleys for beams and fabric rolls. Available in manual or electric versions.","breadcrumb":{"@id":"https:\/\/www.giovanelli.com\/en\/trolleys\/#breadcrumb"},"inLanguage":"en-US","potentialAction":[{"@type":"ReadAction","target":["https:\/\/www.giovanelli.com\/en\/trolleys\/"]}]},{"@type":"ImageObject","inLanguage":"en-US","@id":"https:\/\/www.giovanelli.com\/en\/trolleys\/#primaryimage","url":"https:\/\/www.giovanelli.com\/wp-content\/uploads\/2023\/05\/carrelli14.jpg","contentUrl":"https:\/\/www.giovanelli.com\/wp-content\/uploads\/2023\/05\/carrelli14.jpg","width":2016,"height":1512,"caption":"Carrelli per subbi e rotoli di tessuto Alexander & Giovanelli"},{"@type":"BreadcrumbList","@id":"https:\/\/www.giovanelli.com\/en\/trolleys\/#breadcrumb","itemListElement":[{"@type":"ListItem","position":1,"name":"Home","item":"https:\/\/www.giovanelli.com\/en\/"},{"@type":"ListItem","position":2,"name":"TROLLEYS"}]},{"@type":"WebSite","@id":"https:\/\/www.giovanelli.com\/en\/#website","url":"https:\/\/www.giovanelli.com\/en\/","name":"Alexander & Giovanelli Group","description":"","publisher":{"@id":"https:\/\/www.giovanelli.com\/en\/#organization"},"potentialAction":[{"@type":"SearchAction","target":{"@type":"EntryPoint","urlTemplate":"https:\/\/www.giovanelli.com\/en\/?s={search_term_string}"},"query-input":{"@type":"PropertyValueSpecification","valueRequired":true,"valueName":"search_term_string"}}],"inLanguage":"en-US"},{"@type":"Organization","@id":"https:\/\/www.giovanelli.com\/en\/#organization","name":"Alexander & Giovanelli Group","url":"https:\/\/www.giovanelli.com\/en\/","logo":{"@type":"ImageObject","inLanguage":"en-US","@id":"https:\/\/www.giovanelli.com\/en\/#\/schema\/logo\/image\/","url":"https:\/\/www.giovanelli.com\/wp-content\/uploads\/2023\/05\/Logo_Alexander_RGB.png","contentUrl":"https:\/\/www.giovanelli.com\/wp-content\/uploads\/2023\/05\/Logo_Alexander_RGB.png","width":3508,"height":655,"caption":"Alexander & Giovanelli Group"},"image":{"@id":"https:\/\/www.giovanelli.com\/en\/#\/schema\/logo\/image\/"}}]}},"_links":{"self":[{"href":"https:\/\/www.giovanelli.com\/en\/wp-json\/wp\/v2\/pages\/100924","targetHints":{"allow":["GET"]}}],"collection":[{"href":"https:\/\/www.giovanelli.com\/en\/wp-json\/wp\/v2\/pages"}],"about":[{"href":"https:\/\/www.giovanelli.com\/en\/wp-json\/wp\/v2\/types\/page"}],"author":[{"embeddable":true,"href":"https:\/\/www.giovanelli.com\/en\/wp-json\/wp\/v2\/users\/1"}],"replies":[{"embeddable":true,"href":"https:\/\/www.giovanelli.com\/en\/wp-json\/wp\/v2\/comments?post=100924"}],"version-history":[{"count":4,"href":"https:\/\/www.giovanelli.com\/en\/wp-json\/wp\/v2\/pages\/100924\/revisions"}],"predecessor-version":[{"id":101189,"href":"https:\/\/www.giovanelli.com\/en\/wp-json\/wp\/v2\/pages\/100924\/revisions\/101189"}],"wp:featuredmedia":[{"embeddable":true,"href":"https:\/\/www.giovanelli.com\/en\/wp-json\/wp\/v2\/media\/100822"}],"wp:attachment":[{"href":"https:\/\/www.giovanelli.com\/en\/wp-json\/wp\/v2\/media?parent=100924"}],"curies":[{"name":"wp","href":"https:\/\/api.w.org\/{rel}","templated":true}]}}