{"id":100943,"date":"2020-12-07T05:31:31","date_gmt":"2020-12-07T05:31:31","guid":{"rendered":"https:\/\/www.giovanelli.com\/?page_id=100943"},"modified":"2023-06-07T07:05:54","modified_gmt":"2023-06-07T07:05:54","slug":"company","status":"publish","type":"page","link":"https:\/\/www.giovanelli.com\/en\/company\/","title":{"rendered":"COMPANY"},"content":{"rendered":"<p>[et_pb_section fb_built=&#8221;1&#8243; module_class=&#8221;dct_plx&#8221; _builder_version=&#8221;4.20.4&#8243; _module_preset=&#8221;default&#8221; background_image=&#8221;https:\/\/www.giovanelli.com\/wp-content\/uploads\/2023\/05\/Copertina-Pag.-Chi-Siamo.jpg&#8221; custom_padding=&#8221;109px||109px||true|false&#8221; hover_enabled=&#8221;0&#8243; saved_tabs=&#8221;all&#8221; global_colors_info=&#8221;{}&#8221; background_position=&#8221;bottom_center&#8221; background_blend=&#8221;multiply&#8221; background_color=&#8221;rgba(30,30,30,0.24)&#8221; sticky_enabled=&#8221;0&#8243;][et_pb_row custom_padding_last_edited=&#8221;on|tablet&#8221; _builder_version=&#8221;4.16&#8243; _module_preset=&#8221;default&#8221; custom_padding=&#8221;42px||50px||false|false&#8221; custom_padding_tablet=&#8221;30px||30px||true|false&#8221; custom_padding_phone=&#8221;&#8221; global_colors_info=&#8221;{}&#8221;][et_pb_column type=&#8221;4_4&#8243; _builder_version=&#8221;4.16&#8243; _module_preset=&#8221;default&#8221; global_colors_info=&#8221;{}&#8221;][et_pb_text _builder_version=&#8221;4.16&#8243; _dynamic_attributes=&#8221;content&#8221; _module_preset=&#8221;default&#8221; text_font=&#8221;|700||on|||||&#8221; text_text_color=&#8221;#ffffff&#8221; text_font_size=&#8221;35px&#8221; text_letter_spacing=&#8221;1px&#8221; positioning=&#8221;relative&#8221; custom_margin=&#8221;||20px|15px|false|false&#8221; custom_padding=&#8221;||19px||false|false&#8221; text_font_size_tablet=&#8221;30px&#8221; text_font_size_phone=&#8221;25px&#8221; text_font_size_last_edited=&#8221;on|tablet&#8221; text_orientation_tablet=&#8221;center&#8221; text_orientation_phone=&#8221;&#8221; text_orientation_last_edited=&#8221;on|tablet&#8221; custom_css_after=&#8221;content: &#8221;;||background: var(&#8211;color-1);||width: 50px;||height: 2px;||position: absolute;||bottom: 0;||left: 0;&#8221; global_colors_info=&#8221;{}&#8221; custom_css_after_last_edited=&#8221;on|tablet&#8221; custom_css_after_tablet=&#8221;content: &#8221;;||background: var(&#8211;color-1);||width: 50px;||height: 2px;||position: absolute;||bottom: 0;||left: 50%;||transform: translateX(-50%);&#8221; custom_css_after_phone=&#8221;content: &#8221;;||background: var(&#8211;color-1);||width: 50px;||height: 2px;||position: absolute;||bottom: 0;||left: 50%;||transform: translateX(-50%);&#8221;]@ET-DC@eyJkeW5hbWljIjp0cnVlLCJjb250ZW50IjoicG9zdF90aXRsZSIsInNldHRpbmdzIjp7ImJlZm9yZSI6IiIsImFmdGVyIjoiIn19@[\/et_pb_text][et_pb_text content_phone=&#8221;Company is a full service company offering handyman solutions.&#8221; content_last_edited=&#8221;off|desktop&#8221; _builder_version=&#8221;4.20.4&#8243; _module_preset=&#8221;default&#8221; text_font=&#8221;|||on|||||&#8221; text_text_color=&#8221;#ffffff&#8221; text_font_size=&#8221;22px&#8221; header_3_font=&#8221;|||on|||||&#8221; header_3_text_color=&#8221;#FFFFFF&#8221; width=&#8221;88%&#8221; width_tablet=&#8221;100%&#8221; width_phone=&#8221;&#8221; width_last_edited=&#8221;on|tablet&#8221; module_alignment=&#8221;left&#8221; custom_padding=&#8221;|||15px|false|false&#8221; text_font_size_tablet=&#8221;15px&#8221; text_font_size_phone=&#8221;&#8221; text_font_size_last_edited=&#8221;on|tablet&#8221; text_orientation_tablet=&#8221;center&#8221; text_orientation_phone=&#8221;&#8221; text_orientation_last_edited=&#8221;on|tablet&#8221; global_colors_info=&#8221;{}&#8221;]<\/p>\n<p class=\"p1\">textile machineries<\/p>\n<p>[\/et_pb_text][et_pb_button button_url=&#8221;https:\/\/www.giovanelli.com\/en\/contacts\/&#8221; button_text=&#8221;Request a free quote now&#8221; _builder_version=&#8221;4.20.4&#8243; _module_preset=&#8221;default&#8221; custom_button=&#8221;on&#8221; button_text_size=&#8221;15px&#8221; button_text_color=&#8221;#ffffff&#8221; button_border_width=&#8221;0px&#8221; button_border_radius=&#8221;25px&#8221; button_letter_spacing=&#8221;1px&#8221; button_font=&#8221;|600||on|||||&#8221; button_use_icon=&#8221;off&#8221; custom_padding=&#8221;10px|25px|10px|25px|true|true&#8221; custom_css_main_element=&#8221;background:var(&#8211;color-1);&#8221; global_colors_info=&#8221;{}&#8221; custom_css_main_element__hover_enabled=&#8221;on|hover&#8221; custom_css_main_element__hover=&#8221;background:var(&#8211;color-2) !important;||||||&#8221;][\/et_pb_button][\/et_pb_column][\/et_pb_row][\/et_pb_section][et_pb_section fb_built=&#8221;1&#8243; make_equal=&#8221;on&#8221; use_custom_gutter=&#8221;on&#8221; gutter_width=&#8221;2&#8243; specialty=&#8221;on&#8221; _builder_version=&#8221;4.20.4&#8243; _module_preset=&#8221;default&#8221; inner_max_width=&#8221;1200px&#8221; custom_padding=&#8221;22px||23px|||&#8221; border_color_bottom=&#8221;#ccc&#8221; global_colors_info=&#8221;{}&#8221;][et_pb_column type=&#8221;1_2&#8243; _builder_version=&#8221;4.16&#8243; custom_padding=&#8221;|||&#8221; global_colors_info=&#8221;{}&#8221; custom_padding__hover=&#8221;|||&#8221;][et_pb_image src=&#8221;https:\/\/www.giovanelli.com\/wp-content\/uploads\/2023\/05\/Foto-2-Pag.-Chi-Siamo.jpg&#8221; title_text=&#8221;Foto 2 Pag. Chi Siamo&#8221; align=&#8221;center&#8221; _builder_version=&#8221;4.20.4&#8243; _module_preset=&#8221;default&#8221; width=&#8221;100%&#8221; global_colors_info=&#8221;{}&#8221;][\/et_pb_image][\/et_pb_column][et_pb_column type=&#8221;1_2&#8243; specialty_columns=&#8221;2&#8243; _builder_version=&#8221;4.16&#8243; custom_padding=&#8221;|||&#8221; global_colors_info=&#8221;{}&#8221; custom_padding__hover=&#8221;|||&#8221;][et_pb_row_inner _builder_version=&#8221;4.16&#8243; _module_preset=&#8221;default&#8221; global_colors_info=&#8221;{}&#8221;][et_pb_column_inner saved_specialty_column_type=&#8221;1_2&#8243; _builder_version=&#8221;4.16&#8243; _module_preset=&#8221;default&#8221; global_colors_info=&#8221;{}&#8221;][et_pb_blurb title=&#8221;Alexander &#038; Giovanelli Group: &#8221; content_max_width=&#8221;100%&#8221; _builder_version=&#8221;4.20.4&#8243; _module_preset=&#8221;default&#8221; header_font=&#8221;|600||on|||||&#8221; header_font_size=&#8221;15px&#8221; header_letter_spacing=&#8221;1px&#8221; body_font=&#8221;|700||on|||||&#8221; body_text_color=&#8221;#333333&#8243; body_font_size=&#8221;25px&#8221; body_letter_spacing=&#8221;1px&#8221; body_line_height=&#8221;35px&#8221; custom_margin=&#8221;||20px||false|false&#8221; custom_margin_tablet=&#8221;||15px||false|false&#8221; custom_margin_phone=&#8221;&#8221; custom_margin_last_edited=&#8221;on|desktop&#8221; body_font_size_tablet=&#8221;&#8221; body_font_size_phone=&#8221;22px&#8221; body_font_size_last_edited=&#8221;on|phone&#8221; custom_css_blurb_title=&#8221;color:var(&#8211;color-1);&#8221; global_colors_info=&#8221;{}&#8221;]<\/p>\n<h1 class=\"p1\"><b>Made in Italy excellence in textile machinery<br \/>\n<\/b><\/h1>\n<p>[\/et_pb_blurb][et_pb_divider module_class=&#8221;dct_divider &#8221; _builder_version=&#8221;4.16&#8243; _module_preset=&#8221;default&#8221; custom_margin=&#8221;||20px||false|false&#8221; global_colors_info=&#8221;{}&#8221;][\/et_pb_divider][et_pb_text _builder_version=&#8221;4.20.4&#8243; _module_preset=&#8221;default&#8221; text_font_size=&#8221;13px&#8221; text_line_height=&#8221;22px&#8221; text_orientation=&#8221;justified&#8221; global_colors_info=&#8221;{}&#8221;]<\/p>\n<p>The Giovanelli brand <b>has been present in the textile <\/b><span>sector <\/span>for more than a century.<\/p>\n<p>The Giovanelli family <b>founded its brand in Legnano<\/b>, a historic city a few kilometers from <span>Milano<\/span>, which is still the headquarters of our Company today.\u00a0In addition to being the hometown of founder Luigi Giovanelli, in the 1970s it also proved to be a strategic location given the burgeoning development of the textile industry in the areas of <b>Biella, Como and Bergamo<\/b>, and it was at that time that the brand was consolidated in the Italian textile market.<\/p>\n<p><span class=\"Apple-converted-space\">\u00a0<\/span><b>Alexander &amp; Giovanelli Group<\/b> was born precisely from the union of this historic brand, with the innovation and cutting-edge and constantly developing technology of the Alexander brand, a brand born out of the need to open up to new <b>international markets in the early 2000s<\/b>, becoming an important point of reference for the sector thanks to innovative solutions.<\/p>\n<p>We make our systems with materials mostly made in Italy and collaborate with certified companies in the territory. Today, as then, customers choose our group because we offer them support, from the initial <b>design and study<\/b> phase of the machineries to the installation and staff training phase, always maintaining a relationship of professionalism and mutual esteem, fundamental ingredients for a <b>solid and lasting collaboration.<\/b><\/p>\n<p>History is fundamental, our company values like our machineries have been passed down through the generations, each and every machine is the result of<b> continuous developments <\/b>and studies that have been necessary over the years to keep up with an ever-changing industry.<\/p>\n<p>[\/et_pb_text][\/et_pb_column_inner][\/et_pb_row_inner][\/et_pb_column][\/et_pb_section]<\/p>\n","protected":false},"excerpt":{"rendered":"<p>textile machineriesMade in Italy excellence in textile machinery The Giovanelli brand has been present in the textile sector for more than a century. The Giovanelli family founded its brand in Legnano, a historic city a few kilometers from Milano, which is still the headquarters of our Company today.\u00a0In addition to being the hometown of founder [&hellip;]<\/p>\n","protected":false},"author":1,"featured_media":0,"parent":0,"menu_order":0,"comment_status":"closed","ping_status":"closed","template":"","meta":{"_et_pb_use_builder":"on","_et_pb_old_content":"<p>[et_pb_section fb_built=\"1\" module_class=\"dct_plx\" _builder_version=\"4.20.4\" _module_preset=\"default\" background_image=\"https:\/\/www.giovanelli.com\/wp-content\/uploads\/2023\/04\/8alexander.jpg\" parallax=\"on\" custom_padding=\"33px||33px||true|false\" global_module=\"100321\" saved_tabs=\"all\" global_colors_info=\"{}\"][et_pb_row custom_padding_last_edited=\"on|tablet\" _builder_version=\"4.16\" _module_preset=\"default\" custom_padding=\"42px||50px||false|false\" custom_padding_tablet=\"30px||30px||true|false\" custom_padding_phone=\"\" global_colors_info=\"{}\"][et_pb_column type=\"4_4\" _builder_version=\"4.16\" _module_preset=\"default\" global_colors_info=\"{}\"][et_pb_text _builder_version=\"4.16\" _dynamic_attributes=\"content\" _module_preset=\"default\" text_font=\"|700||on|||||\" text_text_color=\"#ffffff\" text_font_size=\"35px\" text_letter_spacing=\"1px\" positioning=\"relative\" custom_margin=\"||20px|15px|false|false\" custom_padding=\"||19px||false|false\" text_font_size_tablet=\"30px\" text_font_size_phone=\"25px\" text_font_size_last_edited=\"on|tablet\" text_orientation_tablet=\"center\" text_orientation_phone=\"\" text_orientation_last_edited=\"on|tablet\" custom_css_after=\"content: '';||background: var(--color-1);||width: 50px;||height: 2px;||position: absolute;||bottom: 0;||left: 0;\" global_colors_info=\"{}\" custom_css_after_last_edited=\"on|tablet\" custom_css_after_tablet=\"content: '';||background: var(--color-1);||width: 50px;||height: 2px;||position: absolute;||bottom: 0;||left: 50%;||transform: translateX(-50%);\" custom_css_after_phone=\"content: '';||background: var(--color-1);||width: 50px;||height: 2px;||position: absolute;||bottom: 0;||left: 50%;||transform: translateX(-50%);\"]@ET-DC@eyJkeW5hbWljIjp0cnVlLCJjb250ZW50IjoicG9zdF90aXRsZSIsInNldHRpbmdzIjp7ImJlZm9yZSI6IiIsImFmdGVyIjoiIn19@[\/et_pb_text][et_pb_text content_phone=\"Company is a full service company offering handyman solutions.\" content_last_edited=\"off|desktop\" _builder_version=\"4.20.4\" _module_preset=\"default\" text_text_color=\"#ffffff\" text_font_size=\"17px\" header_3_font=\"|||on|||||\" header_3_text_color=\"#FFFFFF\" width=\"88%\" width_tablet=\"100%\" width_phone=\"\" width_last_edited=\"on|tablet\" module_alignment=\"left\" custom_padding=\"|||15px|false|false\" text_font_size_tablet=\"15px\" text_font_size_phone=\"\" text_font_size_last_edited=\"on|tablet\" text_orientation_tablet=\"center\" text_orientation_phone=\"\" text_orientation_last_edited=\"on|tablet\" global_colors_info=\"{}\"]<\/p><h3 class=\"p1\">macchinari per il settore tessile<\/h3><p>[\/et_pb_text][et_pb_button button_text=\"Richiedete subito un preventivo gratuito\" _builder_version=\"4.20.4\" _module_preset=\"default\" custom_button=\"on\" button_text_size=\"15px\" button_text_color=\"#ffffff\" button_border_width=\"0px\" button_border_radius=\"25px\" button_letter_spacing=\"1px\" button_font=\"|600||on|||||\" button_use_icon=\"off\" custom_padding=\"10px|25px|10px|25px|true|true\" custom_css_main_element=\"background:var(--color-1);\" global_colors_info=\"{}\" custom_css_main_element__hover_enabled=\"on|hover\" custom_css_main_element__hover=\"background:var(--color-2) !important;||||||\"][\/et_pb_button][\/et_pb_column][\/et_pb_row][\/et_pb_section][et_pb_section fb_built=\"1\" make_equal=\"on\" use_custom_gutter=\"on\" gutter_width=\"2\" specialty=\"on\" _builder_version=\"4.20.4\" _module_preset=\"default\" inner_max_width=\"1200px\" custom_padding=\"22px||23px|||\" border_color_bottom=\"#ccc\" global_colors_info=\"{}\"][et_pb_column type=\"1_2\" _builder_version=\"4.16\" custom_padding=\"|||\" global_colors_info=\"{}\" custom_padding__hover=\"|||\"][et_pb_image src=\"https:\/\/www.giovanelli.com\/wp-content\/uploads\/2023\/04\/10alexander.jpg\" title_text=\"10alexander\" align=\"center\" _builder_version=\"4.20.4\" _module_preset=\"default\" width=\"100%\" global_colors_info=\"{}\"][\/et_pb_image][et_pb_image src=\"https:\/\/www.giovanelli.com\/wp-content\/uploads\/2023\/04\/5alexander.jpg\" title_text=\"5alexander\" align=\"right\" _builder_version=\"4.20.4\" _module_preset=\"default\" width=\"86%\" custom_margin=\"-100px||||false|false\" border_width_all=\"7px\" border_color_all=\"#FFFFFF\" global_colors_info=\"{}\"][\/et_pb_image][\/et_pb_column][et_pb_column type=\"1_2\" specialty_columns=\"2\" _builder_version=\"4.16\" custom_padding=\"|||\" global_colors_info=\"{}\" custom_padding__hover=\"|||\"][et_pb_row_inner _builder_version=\"4.16\" _module_preset=\"default\" global_colors_info=\"{}\"][et_pb_column_inner saved_specialty_column_type=\"1_2\" _builder_version=\"4.16\" _module_preset=\"default\" global_colors_info=\"{}\"][et_pb_blurb title=\"Alexander & Giovanelli Group: \" content_max_width=\"100%\" _builder_version=\"4.20.4\" _module_preset=\"default\" header_font=\"|600||on|||||\" header_font_size=\"15px\" header_letter_spacing=\"1px\" body_font=\"|700||on|||||\" body_text_color=\"#333333\" body_font_size=\"25px\" body_letter_spacing=\"1px\" body_line_height=\"35px\" custom_margin=\"||20px||false|false\" custom_margin_tablet=\"||15px||false|false\" custom_margin_phone=\"\" custom_margin_last_edited=\"on|desktop\" body_font_size_tablet=\"\" body_font_size_phone=\"22px\" body_font_size_last_edited=\"on|phone\" custom_css_blurb_title=\"color:var(--color-1);\" global_colors_info=\"{}\"]<\/p><h1 class=\"p1\"><b>eccellenza Made in Italy nell\u2019ambito dei macchinari per il settore tessile<\/b><\/h1><p>[\/et_pb_blurb][et_pb_divider module_class=\"dct_divider \" _builder_version=\"4.16\" _module_preset=\"default\" custom_margin=\"||20px||false|false\" global_colors_info=\"{}\"][\/et_pb_divider][et_pb_text _builder_version=\"4.20.4\" _module_preset=\"default\" text_font_size=\"13px\" text_line_height=\"22px\" text_orientation=\"justified\" global_colors_info=\"{}\"]<\/p><p class=\"p1\">Il marchio Giovanelli \u00e8 presente nel settore tessile da pi\u00f9 di un secolo.<\/p><p class=\"p1\">La famiglia Giovanelli fond\u00f2 il proprio marchio a Legnano, citt\u00e0 storica a pochi chilometri dal capoluogo lombardo, ancora oggi sede della nostra Societ\u00e0.<\/p><p class=\"p1\">Oltre ad essere la citt\u00e0 natale del fondatore Luigi Giovanelli, negli anni \u201970 si rivel\u00f2 anche essere una posizione strategica visto il fiorente sviluppo del settore tessile nelle zone<span class=\"Apple-converted-space\">\u00a0 <\/span>di Biella, Como e Bergamo e fu proprio in quel periodo che il marchio si consolid\u00f2 nel mercato tessile italiano.<\/p><p class=\"p1\">Alexander & Giovanelli Group nasce proprio dall\u2019unione di questo storico marchio, con l\u2019innovazione e la tecnologia all\u2019avanguardia ed in costante sviluppo del marchio Alexander, marchio nato dalla necessit\u00e0 di aprirsi a nuovi mercati internazionali agli inizi degli anni duemila, diventando un importante punto di riferimento per il settore grazie a soluzioni innovative.<\/p><p class=\"p1\">Realizziamo i nostri impianti con materiali perlopi\u00f9 made in Italy e collaboriamo con aziende certificate presenti sul territorio. Oggi come allora i clienti scelgono il nostro gruppo perch\u00e9 offriamo loro supporto, dalla fase iniziale di progettazione e studio del macchinario fino alla fase di installazione e formazione del personale, mantenendo sempre un rapporto di professionalit\u00e0 e stima reciproca, ingredienti fondamentali per una collaborazione solida e duratura.<\/p><p class=\"p1\">La storia \u00e8 fondamentale, i nostri valori aziendali come i nostri macchinari sono stati tramandati attraverso le generazioni, ogni singola macchina \u00e8 il risultato di continui sviluppi e studi che si sono resi necessari negli anni per stare al passo con un settore in continua evoluzione.<\/p><p>[\/et_pb_text][et_pb_button button_text=\"scopri tutti i nostri prodotti\" _builder_version=\"4.20.4\" _module_preset=\"default\" custom_button=\"on\" button_text_size=\"15px\" button_text_color=\"#ffffff\" button_border_width=\"0px\" button_border_radius=\"25px\" button_letter_spacing=\"1px\" button_font=\"|600||on|||||\" button_use_icon=\"off\" custom_padding=\"10px|25px|10px|25px|true|true\" custom_css_main_element=\"background:var(--color-1);\" global_colors_info=\"{}\" custom_css_main_element__hover_enabled=\"on|hover\" custom_css_main_element__hover=\"background:var(--color-2) !important;||||||\"][\/et_pb_button][\/et_pb_column_inner][\/et_pb_row_inner][\/et_pb_column][\/et_pb_section]<\/p>","_et_gb_content_width":"","footnotes":""},"class_list":["post-100943","page","type-page","status-publish","hentry"],"yoast_head":"<!-- This site is optimized with the Yoast SEO plugin v26.0 - https:\/\/yoast.com\/wordpress\/plugins\/seo\/ -->\n<title>Industrial textile machinery manufacturer | Alexander&amp;Giovanelli Group<\/title>\n<meta name=\"description\" content=\"Alexander&amp;Giovanelli Group is an Italian textile industrial machinery manufacturer, a market leader since 1917. The company is based near Milan.\" \/>\n<meta name=\"robots\" content=\"index, follow, max-snippet:-1, max-image-preview:large, max-video-preview:-1\" \/>\n<link rel=\"canonical\" href=\"https:\/\/www.giovanelli.com\/en\/company\/\" \/>\n<meta property=\"og:locale\" content=\"en_US\" \/>\n<meta property=\"og:type\" content=\"article\" \/>\n<meta property=\"og:title\" content=\"Industrial textile machinery manufacturer | Alexander&amp;Giovanelli Group\" \/>\n<meta property=\"og:description\" content=\"Alexander&amp;Giovanelli Group is an Italian textile industrial machinery manufacturer, a market leader since 1917. The company is based near Milan.\" \/>\n<meta property=\"og:url\" content=\"https:\/\/www.giovanelli.com\/en\/company\/\" \/>\n<meta property=\"og:site_name\" content=\"alexander\" \/>\n<meta property=\"article:modified_time\" content=\"2023-06-07T07:05:54+00:00\" \/>\n<meta name=\"twitter:card\" content=\"summary_large_image\" \/>\n<meta name=\"twitter:label1\" content=\"Est. reading time\" \/>\n\t<meta name=\"twitter:data1\" content=\"5 minutes\" \/>\n<script type=\"application\/ld+json\" class=\"yoast-schema-graph\">{\"@context\":\"https:\/\/schema.org\",\"@graph\":[{\"@type\":\"WebPage\",\"@id\":\"https:\/\/www.giovanelli.com\/en\/company\/\",\"url\":\"https:\/\/www.giovanelli.com\/en\/company\/\",\"name\":\"Industrial textile machinery manufacturer | Alexander&Giovanelli Group\",\"isPartOf\":{\"@id\":\"https:\/\/www.giovanelli.com\/en\/#website\"},\"datePublished\":\"2020-12-07T05:31:31+00:00\",\"dateModified\":\"2023-06-07T07:05:54+00:00\",\"description\":\"Alexander&Giovanelli Group is an Italian textile industrial machinery manufacturer, a market leader since 1917. The company is based near Milan.\",\"breadcrumb\":{\"@id\":\"https:\/\/www.giovanelli.com\/en\/company\/#breadcrumb\"},\"inLanguage\":\"en-US\",\"potentialAction\":[{\"@type\":\"ReadAction\",\"target\":[\"https:\/\/www.giovanelli.com\/en\/company\/\"]}]},{\"@type\":\"BreadcrumbList\",\"@id\":\"https:\/\/www.giovanelli.com\/en\/company\/#breadcrumb\",\"itemListElement\":[{\"@type\":\"ListItem\",\"position\":1,\"name\":\"Home\",\"item\":\"https:\/\/www.giovanelli.com\/en\/\"},{\"@type\":\"ListItem\",\"position\":2,\"name\":\"COMPANY\"}]},{\"@type\":\"WebSite\",\"@id\":\"https:\/\/www.giovanelli.com\/en\/#website\",\"url\":\"https:\/\/www.giovanelli.com\/en\/\",\"name\":\"Alexander & Giovanelli Group\",\"description\":\"\",\"publisher\":{\"@id\":\"https:\/\/www.giovanelli.com\/en\/#organization\"},\"potentialAction\":[{\"@type\":\"SearchAction\",\"target\":{\"@type\":\"EntryPoint\",\"urlTemplate\":\"https:\/\/www.giovanelli.com\/en\/?s={search_term_string}\"},\"query-input\":{\"@type\":\"PropertyValueSpecification\",\"valueRequired\":true,\"valueName\":\"search_term_string\"}}],\"inLanguage\":\"en-US\"},{\"@type\":\"Organization\",\"@id\":\"https:\/\/www.giovanelli.com\/en\/#organization\",\"name\":\"Alexander & Giovanelli Group\",\"url\":\"https:\/\/www.giovanelli.com\/en\/\",\"logo\":{\"@type\":\"ImageObject\",\"inLanguage\":\"en-US\",\"@id\":\"https:\/\/www.giovanelli.com\/en\/#\/schema\/logo\/image\/\",\"url\":\"https:\/\/www.giovanelli.com\/wp-content\/uploads\/2023\/05\/Logo_Alexander_RGB.png\",\"contentUrl\":\"https:\/\/www.giovanelli.com\/wp-content\/uploads\/2023\/05\/Logo_Alexander_RGB.png\",\"width\":3508,\"height\":655,\"caption\":\"Alexander & Giovanelli Group\"},\"image\":{\"@id\":\"https:\/\/www.giovanelli.com\/en\/#\/schema\/logo\/image\/\"}}]}<\/script>\n<!-- \/ Yoast SEO plugin. -->","yoast_head_json":{"title":"Industrial textile machinery manufacturer | Alexander&Giovanelli Group","description":"Alexander&Giovanelli Group is an Italian textile industrial machinery manufacturer, a market leader since 1917. The company is based near Milan.","robots":{"index":"index","follow":"follow","max-snippet":"max-snippet:-1","max-image-preview":"max-image-preview:large","max-video-preview":"max-video-preview:-1"},"canonical":"https:\/\/www.giovanelli.com\/en\/company\/","og_locale":"en_US","og_type":"article","og_title":"Industrial textile machinery manufacturer | Alexander&Giovanelli Group","og_description":"Alexander&Giovanelli Group is an Italian textile industrial machinery manufacturer, a market leader since 1917. The company is based near Milan.","og_url":"https:\/\/www.giovanelli.com\/en\/company\/","og_site_name":"alexander","article_modified_time":"2023-06-07T07:05:54+00:00","twitter_card":"summary_large_image","twitter_misc":{"Est. reading time":"5 minutes"},"schema":{"@context":"https:\/\/schema.org","@graph":[{"@type":"WebPage","@id":"https:\/\/www.giovanelli.com\/en\/company\/","url":"https:\/\/www.giovanelli.com\/en\/company\/","name":"Industrial textile machinery manufacturer | Alexander&Giovanelli Group","isPartOf":{"@id":"https:\/\/www.giovanelli.com\/en\/#website"},"datePublished":"2020-12-07T05:31:31+00:00","dateModified":"2023-06-07T07:05:54+00:00","description":"Alexander&Giovanelli Group is an Italian textile industrial machinery manufacturer, a market leader since 1917. The company is based near Milan.","breadcrumb":{"@id":"https:\/\/www.giovanelli.com\/en\/company\/#breadcrumb"},"inLanguage":"en-US","potentialAction":[{"@type":"ReadAction","target":["https:\/\/www.giovanelli.com\/en\/company\/"]}]},{"@type":"BreadcrumbList","@id":"https:\/\/www.giovanelli.com\/en\/company\/#breadcrumb","itemListElement":[{"@type":"ListItem","position":1,"name":"Home","item":"https:\/\/www.giovanelli.com\/en\/"},{"@type":"ListItem","position":2,"name":"COMPANY"}]},{"@type":"WebSite","@id":"https:\/\/www.giovanelli.com\/en\/#website","url":"https:\/\/www.giovanelli.com\/en\/","name":"Alexander & Giovanelli Group","description":"","publisher":{"@id":"https:\/\/www.giovanelli.com\/en\/#organization"},"potentialAction":[{"@type":"SearchAction","target":{"@type":"EntryPoint","urlTemplate":"https:\/\/www.giovanelli.com\/en\/?s={search_term_string}"},"query-input":{"@type":"PropertyValueSpecification","valueRequired":true,"valueName":"search_term_string"}}],"inLanguage":"en-US"},{"@type":"Organization","@id":"https:\/\/www.giovanelli.com\/en\/#organization","name":"Alexander & Giovanelli Group","url":"https:\/\/www.giovanelli.com\/en\/","logo":{"@type":"ImageObject","inLanguage":"en-US","@id":"https:\/\/www.giovanelli.com\/en\/#\/schema\/logo\/image\/","url":"https:\/\/www.giovanelli.com\/wp-content\/uploads\/2023\/05\/Logo_Alexander_RGB.png","contentUrl":"https:\/\/www.giovanelli.com\/wp-content\/uploads\/2023\/05\/Logo_Alexander_RGB.png","width":3508,"height":655,"caption":"Alexander & Giovanelli Group"},"image":{"@id":"https:\/\/www.giovanelli.com\/en\/#\/schema\/logo\/image\/"}}]}},"_links":{"self":[{"href":"https:\/\/www.giovanelli.com\/en\/wp-json\/wp\/v2\/pages\/100943","targetHints":{"allow":["GET"]}}],"collection":[{"href":"https:\/\/www.giovanelli.com\/en\/wp-json\/wp\/v2\/pages"}],"about":[{"href":"https:\/\/www.giovanelli.com\/en\/wp-json\/wp\/v2\/types\/page"}],"author":[{"embeddable":true,"href":"https:\/\/www.giovanelli.com\/en\/wp-json\/wp\/v2\/users\/1"}],"replies":[{"embeddable":true,"href":"https:\/\/www.giovanelli.com\/en\/wp-json\/wp\/v2\/comments?post=100943"}],"version-history":[{"count":9,"href":"https:\/\/www.giovanelli.com\/en\/wp-json\/wp\/v2\/pages\/100943\/revisions"}],"predecessor-version":[{"id":101326,"href":"https:\/\/www.giovanelli.com\/en\/wp-json\/wp\/v2\/pages\/100943\/revisions\/101326"}],"wp:attachment":[{"href":"https:\/\/www.giovanelli.com\/en\/wp-json\/wp\/v2\/media?parent=100943"}],"curies":[{"name":"wp","href":"https:\/\/api.w.org\/{rel}","templated":true}]}}